{"id":219,"date":"2023-09-11T03:04:52","date_gmt":"2023-09-11T03:04:52","guid":{"rendered":"https:\/\/zippersinsumos.com\/?post_type=product&#038;p=219"},"modified":"2023-09-11T03:04:52","modified_gmt":"2023-09-11T03:04:52","slug":"cremallera-jean-fija-importada-4-5","status":"publish","type":"product","link":"https:\/\/zippersinsumos.com\/index.php\/product\/cremallera-jean-fija-importada-4-5\/","title":{"rendered":"Cremallera Jean Fija Importada #4.5"},"content":{"rendered":"<p><img decoding=\"async\" loading=\"lazy\" class=\"wp-image-68 aligncenter\" src=\"https:\/\/i0.wp.com\/zippersinsumos.com\/wp-content\/uploads\/2023\/09\/60FslqR.png?resize=153%2C149&#038;ssl=1\" alt=\"\" width=\"153\" height=\"149\" srcset=\"https:\/\/i0.wp.com\/zippersinsumos.com\/wp-content\/uploads\/2023\/09\/60FslqR.png?resize=300%2C292&amp;ssl=1 300w, https:\/\/i0.wp.com\/zippersinsumos.com\/wp-content\/uploads\/2023\/09\/60FslqR.png?w=308&amp;ssl=1 308w\" sizes=\"(max-width: 153px) 100vw, 153px\" data-recalc-dims=\"1\" \/><\/p>\n<p>&nbsp;<\/p>\n<p>Las cremalleras fijas para jeans son un tipo de cierre de cremallera que se encuentra com\u00fanmente en pantalones\u00a0 y otros productos de confecci\u00f3n similar. A diferencia de las cremalleras con cursor que se pueden abrir y cerrar completamente, las cremalleras fijas para jeans no se abren completamente y est\u00e1n cosidas en su lugar. Aqu\u00ed tienes una descripci\u00f3n de las cremalleras fijas para jeans:<\/p>\n<ol>\n<li><strong>Ubicaci\u00f3n:<\/strong> Estas cremalleras suelen ubicarse en la bragueta de los pantalones vaqueros, la parte frontal donde se abren y cierran.<\/li>\n<li><strong>Funci\u00f3n:<\/strong> Aunque no se abren completamente como las cremalleras convencionales, las cremalleras fijas para jeans todav\u00eda tienen una funci\u00f3n decorativa y a veces se utilizan para dar a los pantalones vaqueros un aspecto aut\u00e9ntico.<\/li>\n<li><strong>Dise\u00f1o:<\/strong> Las cremalleras fijas para jeans tienen un aspecto similar al de las cremalleras regulares, pero est\u00e1n cosidas en su lugar en la posici\u00f3n cerrada. A menudo, el cursor (tirador) es simplemente decorativo y no se puede mover.<\/li>\n<li><strong>Durabilidad:<\/strong> Est\u00e1n dise\u00f1adas para ser resistentes y duraderas, ya que los pantalones vaqueros experimentan un uso robusto y necesitan soportar tensiones constantes.<\/li>\n<li><strong>Estilo:<\/strong> A pesar de no tener una funci\u00f3n pr\u00e1ctica de cierre, estas cremalleras se utilizan para dar a los pantalones vaqueros un aspecto aut\u00e9ntico y agregar detalles de dise\u00f1o a la prenda.<\/li>\n<\/ol>\n","protected":false},"excerpt":{"rendered":"<p>&nbsp; Las cremalleras fijas para jeans son un tipo de cierre de cremallera que se encuentra com\u00fanmente en pantalones\u00a0 y otros productos de confecci\u00f3n similar. A diferencia de las cremalleras con cursor que se pueden abrir y cerrar completamente, las cremalleras fijas para jeans no se abren completamente y est\u00e1n cosidas en su lugar. Aqu\u00ed &hellip;<\/p>\n<p class=\"read-more\"> <a class=\"\" href=\"https:\/\/zippersinsumos.com\/index.php\/product\/cremallera-jean-fija-importada-4-5\/\"> <span class=\"screen-reader-text\">Cremallera Jean Fija Importada #4.5<\/span> Leer m\u00e1s &raquo;<\/a><\/p>\n","protected":false},"featured_media":220,"comment_status":"open","ping_status":"closed","template":"","meta":{"_uag_custom_page_level_css":"","site-sidebar-layout":"default","site-content-layout":"","ast-site-content-layout":"default","site-content-style":"default","site-sidebar-style":"default","ast-global-header-display":"","ast-banner-title-visibility":"","ast-main-header-display":"","ast-hfb-above-header-display":"","ast-hfb-below-header-display":"","ast-hfb-mobile-header-display":"","site-post-title":"","ast-breadcrumbs-content":"","ast-featured-img":"","footer-sml-layout":"","theme-transparent-header-meta":"default","adv-header-id-meta":"","stick-header-meta":"","header-above-stick-meta":"","header-main-stick-meta":"","header-below-stick-meta":"","astra-migrate-meta-layouts":"set","_joinchat":[]},"product_cat":[48,37],"product_tag":[],"jetpack_sharing_enabled":true,"uagb_featured_image_src":{"full":["https:\/\/i0.wp.com\/zippersinsumos.com\/wp-content\/uploads\/2023\/09\/cremallera-jean-fija-importada-n4.5.png?fit=4001%2C3001&ssl=1",4001,3001,false],"thumbnail":["https:\/\/i0.wp.com\/zippersinsumos.com\/wp-content\/uploads\/2023\/09\/cremallera-jean-fija-importada-n4.5.png?resize=150%2C150&ssl=1",150,150,true],"medium":["https:\/\/i0.wp.com\/zippersinsumos.com\/wp-content\/uploads\/2023\/09\/cremallera-jean-fija-importada-n4.5.png?fit=300%2C225&ssl=1",300,225,true],"medium_large":["https:\/\/i0.wp.com\/zippersinsumos.com\/wp-content\/uploads\/2023\/09\/cremallera-jean-fija-importada-n4.5.png?fit=768%2C576&ssl=1",768,576,true],"large":["https:\/\/i0.wp.com\/zippersinsumos.com\/wp-content\/uploads\/2023\/09\/cremallera-jean-fija-importada-n4.5.png?fit=1024%2C768&ssl=1",1024,768,true],"1536x1536":["https:\/\/i0.wp.com\/zippersinsumos.com\/wp-content\/uploads\/2023\/09\/cremallera-jean-fija-importada-n4.5.png?fit=1536%2C1152&ssl=1",1536,1152,true],"2048x2048":["https:\/\/i0.wp.com\/zippersinsumos.com\/wp-content\/uploads\/2023\/09\/cremallera-jean-fija-importada-n4.5.png?fit=2048%2C1536&ssl=1",2048,1536,true],"woocommerce_thumbnail":["https:\/\/i0.wp.com\/zippersinsumos.com\/wp-content\/uploads\/2023\/09\/cremallera-jean-fija-importada-n4.5.png?resize=300%2C300&ssl=1",300,300,true],"woocommerce_single":["https:\/\/i0.wp.com\/zippersinsumos.com\/wp-content\/uploads\/2023\/09\/cremallera-jean-fija-importada-n4.5.png?fit=600%2C450&ssl=1",600,450,true],"woocommerce_gallery_thumbnail":["https:\/\/i0.wp.com\/zippersinsumos.com\/wp-content\/uploads\/2023\/09\/cremallera-jean-fija-importada-n4.5.png?resize=100%2C100&ssl=1",100,100,true]},"uagb_author_info":{"display_name":"mundigraphics.com","author_link":"https:\/\/zippersinsumos.com\/index.php\/author\/"},"uagb_comment_info":0,"uagb_excerpt":"&nbsp; Las cremalleras fijas para jeans son un tipo de cierre de cremallera que se encuentra com\u00fanmente en pantalones\u00a0 y otros productos de confecci\u00f3n similar. A diferencia de las cremalleras con cursor que se pueden abrir y cerrar completamente, las cremalleras fijas para jeans no se abren completamente y est\u00e1n cosidas en su lugar. Aqu\u00ed&hellip;","_links":{"self":[{"href":"https:\/\/zippersinsumos.com\/index.php\/wp-json\/wp\/v2\/product\/219"}],"collection":[{"href":"https:\/\/zippersinsumos.com\/index.php\/wp-json\/wp\/v2\/product"}],"about":[{"href":"https:\/\/zippersinsumos.com\/index.php\/wp-json\/wp\/v2\/types\/product"}],"replies":[{"embeddable":true,"href":"https:\/\/zippersinsumos.com\/index.php\/wp-json\/wp\/v2\/comments?post=219"}],"wp:featuredmedia":[{"embeddable":true,"href":"https:\/\/zippersinsumos.com\/index.php\/wp-json\/wp\/v2\/media\/220"}],"wp:attachment":[{"href":"https:\/\/zippersinsumos.com\/index.php\/wp-json\/wp\/v2\/media?parent=219"}],"wp:term":[{"taxonomy":"product_cat","embeddable":true,"href":"https:\/\/zippersinsumos.com\/index.php\/wp-json\/wp\/v2\/product_cat?post=219"},{"taxonomy":"product_tag","embeddable":true,"href":"https:\/\/zippersinsumos.com\/index.php\/wp-json\/wp\/v2\/product_tag?post=219"}],"curies":[{"name":"wp","href":"https:\/\/api.w.org\/{rel}","templated":true}]}}