{"id":249,"date":"2023-09-12T01:40:57","date_gmt":"2023-09-12T01:40:57","guid":{"rendered":"https:\/\/zippersinsumos.com\/?post_type=product&#038;p=249"},"modified":"2023-09-12T01:41:13","modified_gmt":"2023-09-12T01:41:13","slug":"cremallera-separable-3-impermeable","status":"publish","type":"product","link":"https:\/\/zippersinsumos.com\/index.php\/product\/cremallera-separable-3-impermeable\/","title":{"rendered":"Cremallera separable #3 Impermeable"},"content":{"rendered":"<p><img decoding=\"async\" loading=\"lazy\" class=\"wp-image-68 aligncenter\" src=\"https:\/\/i0.wp.com\/zippersinsumos.com\/wp-content\/uploads\/2023\/09\/60FslqR.png?resize=164%2C160&#038;ssl=1\" alt=\"\" width=\"164\" height=\"160\" srcset=\"https:\/\/i0.wp.com\/zippersinsumos.com\/wp-content\/uploads\/2023\/09\/60FslqR.png?resize=300%2C292&amp;ssl=1 300w, https:\/\/i0.wp.com\/zippersinsumos.com\/wp-content\/uploads\/2023\/09\/60FslqR.png?w=308&amp;ssl=1 308w\" sizes=\"(max-width: 164px) 100vw, 164px\" data-recalc-dims=\"1\" \/><\/p>\n<p>Una cremallera impermeable corta es un tipo de cierre o sistema de cierre de longitud limitada que ha sido dise\u00f1ado espec\u00edficamente para ofrecer protecci\u00f3n contra la infiltraci\u00f3n de agua en una secci\u00f3n particular de una prenda de vestir, equipo o accesorio. A diferencia de una cremallera impermeable est\u00e1ndar que se extiende a lo largo de una prenda completa o de un compartimento entero, una cremallera impermeable corta es m\u00e1s peque\u00f1a y se utiliza para sellar de manera segura una abertura m\u00e1s peque\u00f1a.<\/p>\n<p>Este tipo de cremallera generalmente est\u00e1 hecha de materiales impermeables o resistentes al agua, como goma o TPU, y puede estar equipada con sellos o juntas adicionales para garantizar un sellado herm\u00e9tico. Se usa com\u00fanmente en prendas de exterior, como chaquetas, pantalones o botas, as\u00ed como en bolsos, mochilas y otros accesorios donde es esencial proteger ciertas \u00e1reas o compartimentos espec\u00edficos de la humedad.<\/p>\n<p>La cremallera impermeable corta es especialmente \u00fatil cuando se necesita acceso r\u00e1pido a un \u00e1rea o compartimento sin comprometer la impermeabilidad del resto del producto.<\/p>\n","protected":false},"excerpt":{"rendered":"<p>Una cremallera impermeable corta es un tipo de cierre o sistema de cierre de longitud limitada que ha sido dise\u00f1ado espec\u00edficamente para ofrecer protecci\u00f3n contra la infiltraci\u00f3n de agua en una secci\u00f3n particular de una prenda de vestir, equipo o accesorio. A diferencia de una cremallera impermeable est\u00e1ndar que se extiende a lo largo de &hellip;<\/p>\n<p class=\"read-more\"> <a class=\"\" href=\"https:\/\/zippersinsumos.com\/index.php\/product\/cremallera-separable-3-impermeable\/\"> <span class=\"screen-reader-text\">Cremallera separable #3 Impermeable<\/span> Leer m\u00e1s &raquo;<\/a><\/p>\n","protected":false},"featured_media":250,"comment_status":"open","ping_status":"closed","template":"","meta":{"_uag_custom_page_level_css":"","site-sidebar-layout":"default","site-content-layout":"","ast-site-content-layout":"default","site-content-style":"default","site-sidebar-style":"default","ast-global-header-display":"","ast-banner-title-visibility":"","ast-main-header-display":"","ast-hfb-above-header-display":"","ast-hfb-below-header-display":"","ast-hfb-mobile-header-display":"","site-post-title":"","ast-breadcrumbs-content":"","ast-featured-img":"","footer-sml-layout":"","theme-transparent-header-meta":"default","adv-header-id-meta":"","stick-header-meta":"","header-above-stick-meta":"","header-main-stick-meta":"","header-below-stick-meta":"","astra-migrate-meta-layouts":"set","_joinchat":[]},"product_cat":[48,37],"product_tag":[],"jetpack_sharing_enabled":true,"uagb_featured_image_src":{"full":["https:\/\/i0.wp.com\/zippersinsumos.com\/wp-content\/uploads\/2023\/09\/separable-n3-impermeable.png?fit=4001%2C3001&ssl=1",4001,3001,false],"thumbnail":["https:\/\/i0.wp.com\/zippersinsumos.com\/wp-content\/uploads\/2023\/09\/separable-n3-impermeable.png?resize=150%2C150&ssl=1",150,150,true],"medium":["https:\/\/i0.wp.com\/zippersinsumos.com\/wp-content\/uploads\/2023\/09\/separable-n3-impermeable.png?fit=300%2C225&ssl=1",300,225,true],"medium_large":["https:\/\/i0.wp.com\/zippersinsumos.com\/wp-content\/uploads\/2023\/09\/separable-n3-impermeable.png?fit=768%2C576&ssl=1",768,576,true],"large":["https:\/\/i0.wp.com\/zippersinsumos.com\/wp-content\/uploads\/2023\/09\/separable-n3-impermeable.png?fit=1024%2C768&ssl=1",1024,768,true],"1536x1536":["https:\/\/i0.wp.com\/zippersinsumos.com\/wp-content\/uploads\/2023\/09\/separable-n3-impermeable.png?fit=1536%2C1152&ssl=1",1536,1152,true],"2048x2048":["https:\/\/i0.wp.com\/zippersinsumos.com\/wp-content\/uploads\/2023\/09\/separable-n3-impermeable.png?fit=2048%2C1536&ssl=1",2048,1536,true],"woocommerce_thumbnail":["https:\/\/i0.wp.com\/zippersinsumos.com\/wp-content\/uploads\/2023\/09\/separable-n3-impermeable.png?resize=300%2C300&ssl=1",300,300,true],"woocommerce_single":["https:\/\/i0.wp.com\/zippersinsumos.com\/wp-content\/uploads\/2023\/09\/separable-n3-impermeable.png?fit=600%2C450&ssl=1",600,450,true],"woocommerce_gallery_thumbnail":["https:\/\/i0.wp.com\/zippersinsumos.com\/wp-content\/uploads\/2023\/09\/separable-n3-impermeable.png?resize=100%2C100&ssl=1",100,100,true]},"uagb_author_info":{"display_name":"mundigraphics.com","author_link":"https:\/\/zippersinsumos.com\/index.php\/author\/"},"uagb_comment_info":0,"uagb_excerpt":"Una cremallera impermeable corta es un tipo de cierre o sistema de cierre de longitud limitada que ha sido dise\u00f1ado espec\u00edficamente para ofrecer protecci\u00f3n contra la infiltraci\u00f3n de agua en una secci\u00f3n particular de una prenda de vestir, equipo o accesorio. A diferencia de una cremallera impermeable est\u00e1ndar que se extiende a lo largo de&hellip;","_links":{"self":[{"href":"https:\/\/zippersinsumos.com\/index.php\/wp-json\/wp\/v2\/product\/249"}],"collection":[{"href":"https:\/\/zippersinsumos.com\/index.php\/wp-json\/wp\/v2\/product"}],"about":[{"href":"https:\/\/zippersinsumos.com\/index.php\/wp-json\/wp\/v2\/types\/product"}],"replies":[{"embeddable":true,"href":"https:\/\/zippersinsumos.com\/index.php\/wp-json\/wp\/v2\/comments?post=249"}],"wp:featuredmedia":[{"embeddable":true,"href":"https:\/\/zippersinsumos.com\/index.php\/wp-json\/wp\/v2\/media\/250"}],"wp:attachment":[{"href":"https:\/\/zippersinsumos.com\/index.php\/wp-json\/wp\/v2\/media?parent=249"}],"wp:term":[{"taxonomy":"product_cat","embeddable":true,"href":"https:\/\/zippersinsumos.com\/index.php\/wp-json\/wp\/v2\/product_cat?post=249"},{"taxonomy":"product_tag","embeddable":true,"href":"https:\/\/zippersinsumos.com\/index.php\/wp-json\/wp\/v2\/product_tag?post=249"}],"curies":[{"name":"wp","href":"https:\/\/api.w.org\/{rel}","templated":true}]}}