{"id":251,"date":"2023-09-12T01:43:39","date_gmt":"2023-09-12T01:43:39","guid":{"rendered":"https:\/\/zippersinsumos.com\/?post_type=product&#038;p=251"},"modified":"2023-09-12T01:44:18","modified_gmt":"2023-09-12T01:44:18","slug":"cremallera-5-aluminio","status":"publish","type":"product","link":"https:\/\/zippersinsumos.com\/index.php\/product\/cremallera-5-aluminio\/","title":{"rendered":"Cremallera #5 Aluminio"},"content":{"rendered":"<p><img decoding=\"async\" loading=\"lazy\" class=\"wp-image-68 aligncenter\" src=\"https:\/\/i0.wp.com\/zippersinsumos.com\/wp-content\/uploads\/2023\/09\/60FslqR.png?resize=179%2C174&#038;ssl=1\" alt=\"\" width=\"179\" height=\"174\" srcset=\"https:\/\/i0.wp.com\/zippersinsumos.com\/wp-content\/uploads\/2023\/09\/60FslqR.png?resize=300%2C292&amp;ssl=1 300w, https:\/\/i0.wp.com\/zippersinsumos.com\/wp-content\/uploads\/2023\/09\/60FslqR.png?w=308&amp;ssl=1 308w\" sizes=\"(max-width: 179px) 100vw, 179px\" data-recalc-dims=\"1\" \/><\/p>\n<p>&nbsp;<\/p>\n<p>Una cremallera n\u00famero 5 es un tipo de cierre de cremallera con dientes de tama\u00f1o mediano. Se utiliza en una variedad de prendas de vestir y accesorios, como chaquetas, pantalones, mochilas y bolsos. El n\u00famero 5 se refiere al tama\u00f1o de los dientes de la cremallera, que son de un tama\u00f1o mediano. Este tipo de cremallera es vers\u00e1til y adecuado para una amplia gama de aplicaciones, ofreciendo un equilibrio entre durabilidad y facilidad de uso.<\/p>\n","protected":false},"excerpt":{"rendered":"<p>&nbsp; Una cremallera n\u00famero 5 es un tipo de cierre de cremallera con dientes de tama\u00f1o mediano. Se utiliza en una variedad de prendas de vestir y accesorios, como chaquetas, pantalones, mochilas y bolsos. El n\u00famero 5 se refiere al tama\u00f1o de los dientes de la cremallera, que son de un tama\u00f1o mediano. Este tipo &hellip;<\/p>\n<p class=\"read-more\"> <a class=\"\" href=\"https:\/\/zippersinsumos.com\/index.php\/product\/cremallera-5-aluminio\/\"> <span class=\"screen-reader-text\">Cremallera #5 Aluminio<\/span> Leer m\u00e1s &raquo;<\/a><\/p>\n","protected":false},"featured_media":252,"comment_status":"open","ping_status":"closed","template":"","meta":{"_uag_custom_page_level_css":"","site-sidebar-layout":"default","site-content-layout":"","ast-site-content-layout":"default","site-content-style":"default","site-sidebar-style":"default","ast-global-header-display":"","ast-banner-title-visibility":"","ast-main-header-display":"","ast-hfb-above-header-display":"","ast-hfb-below-header-display":"","ast-hfb-mobile-header-display":"","site-post-title":"","ast-breadcrumbs-content":"","ast-featured-img":"","footer-sml-layout":"","theme-transparent-header-meta":"default","adv-header-id-meta":"","stick-header-meta":"","header-above-stick-meta":"","header-main-stick-meta":"","header-below-stick-meta":"","astra-migrate-meta-layouts":"set","_joinchat":[]},"product_cat":[49,37],"product_tag":[],"jetpack_sharing_enabled":true,"uagb_featured_image_src":{"full":["https:\/\/i0.wp.com\/zippersinsumos.com\/wp-content\/uploads\/2023\/09\/cremallera-n5-aluminio.png?fit=4001%2C3001&ssl=1",4001,3001,false],"thumbnail":["https:\/\/i0.wp.com\/zippersinsumos.com\/wp-content\/uploads\/2023\/09\/cremallera-n5-aluminio.png?resize=150%2C150&ssl=1",150,150,true],"medium":["https:\/\/i0.wp.com\/zippersinsumos.com\/wp-content\/uploads\/2023\/09\/cremallera-n5-aluminio.png?fit=300%2C225&ssl=1",300,225,true],"medium_large":["https:\/\/i0.wp.com\/zippersinsumos.com\/wp-content\/uploads\/2023\/09\/cremallera-n5-aluminio.png?fit=768%2C576&ssl=1",768,576,true],"large":["https:\/\/i0.wp.com\/zippersinsumos.com\/wp-content\/uploads\/2023\/09\/cremallera-n5-aluminio.png?fit=1024%2C768&ssl=1",1024,768,true],"1536x1536":["https:\/\/i0.wp.com\/zippersinsumos.com\/wp-content\/uploads\/2023\/09\/cremallera-n5-aluminio.png?fit=1536%2C1152&ssl=1",1536,1152,true],"2048x2048":["https:\/\/i0.wp.com\/zippersinsumos.com\/wp-content\/uploads\/2023\/09\/cremallera-n5-aluminio.png?fit=2048%2C1536&ssl=1",2048,1536,true],"woocommerce_thumbnail":["https:\/\/i0.wp.com\/zippersinsumos.com\/wp-content\/uploads\/2023\/09\/cremallera-n5-aluminio.png?resize=300%2C300&ssl=1",300,300,true],"woocommerce_single":["https:\/\/i0.wp.com\/zippersinsumos.com\/wp-content\/uploads\/2023\/09\/cremallera-n5-aluminio.png?fit=600%2C450&ssl=1",600,450,true],"woocommerce_gallery_thumbnail":["https:\/\/i0.wp.com\/zippersinsumos.com\/wp-content\/uploads\/2023\/09\/cremallera-n5-aluminio.png?resize=100%2C100&ssl=1",100,100,true]},"uagb_author_info":{"display_name":"mundigraphics.com","author_link":"https:\/\/zippersinsumos.com\/index.php\/author\/"},"uagb_comment_info":0,"uagb_excerpt":"&nbsp; Una cremallera n\u00famero 5 es un tipo de cierre de cremallera con dientes de tama\u00f1o mediano. Se utiliza en una variedad de prendas de vestir y accesorios, como chaquetas, pantalones, mochilas y bolsos. El n\u00famero 5 se refiere al tama\u00f1o de los dientes de la cremallera, que son de un tama\u00f1o mediano. Este tipo&hellip;","_links":{"self":[{"href":"https:\/\/zippersinsumos.com\/index.php\/wp-json\/wp\/v2\/product\/251"}],"collection":[{"href":"https:\/\/zippersinsumos.com\/index.php\/wp-json\/wp\/v2\/product"}],"about":[{"href":"https:\/\/zippersinsumos.com\/index.php\/wp-json\/wp\/v2\/types\/product"}],"replies":[{"embeddable":true,"href":"https:\/\/zippersinsumos.com\/index.php\/wp-json\/wp\/v2\/comments?post=251"}],"wp:featuredmedia":[{"embeddable":true,"href":"https:\/\/zippersinsumos.com\/index.php\/wp-json\/wp\/v2\/media\/252"}],"wp:attachment":[{"href":"https:\/\/zippersinsumos.com\/index.php\/wp-json\/wp\/v2\/media?parent=251"}],"wp:term":[{"taxonomy":"product_cat","embeddable":true,"href":"https:\/\/zippersinsumos.com\/index.php\/wp-json\/wp\/v2\/product_cat?post=251"},{"taxonomy":"product_tag","embeddable":true,"href":"https:\/\/zippersinsumos.com\/index.php\/wp-json\/wp\/v2\/product_tag?post=251"}],"curies":[{"name":"wp","href":"https:\/\/api.w.org\/{rel}","templated":true}]}}