{"id":255,"date":"2023-09-12T02:27:44","date_gmt":"2023-09-12T02:27:44","guid":{"rendered":"https:\/\/zippersinsumos.com\/?post_type=product&#038;p=255"},"modified":"2023-09-12T02:27:55","modified_gmt":"2023-09-12T02:27:55","slug":"cremallera-5-cobre","status":"publish","type":"product","link":"https:\/\/zippersinsumos.com\/index.php\/product\/cremallera-5-cobre\/","title":{"rendered":"Cremallera #5 Cobre"},"content":{"rendered":"<p><img decoding=\"async\" loading=\"lazy\" class=\"wp-image-68 aligncenter\" src=\"https:\/\/i0.wp.com\/zippersinsumos.com\/wp-content\/uploads\/2023\/09\/60FslqR.png?resize=182%2C177&#038;ssl=1\" alt=\"\" width=\"182\" height=\"177\" srcset=\"https:\/\/i0.wp.com\/zippersinsumos.com\/wp-content\/uploads\/2023\/09\/60FslqR.png?resize=300%2C292&amp;ssl=1 300w, https:\/\/i0.wp.com\/zippersinsumos.com\/wp-content\/uploads\/2023\/09\/60FslqR.png?w=308&amp;ssl=1 308w\" sizes=\"(max-width: 182px) 100vw, 182px\" data-recalc-dims=\"1\" \/><\/p>\n<p>&nbsp;<\/p>\n<p>Una cremallera n\u00famero 5 de cobre es un tipo de cierre de cremallera que utiliza dientes de cobre como parte de su dise\u00f1o. Los dientes de cobre no son tan comunes como los dientes de pl\u00e1stico o metal m\u00e1s tradicionales, pero pueden dar un aspecto distintivo y atractivo a la prenda o accesorio en el que se utiliza. Estas cremalleras a menudo se encuentran en prendas de alta calidad o dise\u00f1os personalizados donde se presta atenci\u00f3n a los detalles y la est\u00e9tica.<\/p>\n","protected":false},"excerpt":{"rendered":"<p>&nbsp; Una cremallera n\u00famero 5 de cobre es un tipo de cierre de cremallera que utiliza dientes de cobre como parte de su dise\u00f1o. Los dientes de cobre no son tan comunes como los dientes de pl\u00e1stico o metal m\u00e1s tradicionales, pero pueden dar un aspecto distintivo y atractivo a la prenda o accesorio en &hellip;<\/p>\n<p class=\"read-more\"> <a class=\"\" href=\"https:\/\/zippersinsumos.com\/index.php\/product\/cremallera-5-cobre\/\"> <span class=\"screen-reader-text\">Cremallera #5 Cobre<\/span> Leer m\u00e1s &raquo;<\/a><\/p>\n","protected":false},"featured_media":260,"comment_status":"open","ping_status":"closed","template":"","meta":{"_uag_custom_page_level_css":"","site-sidebar-layout":"default","site-content-layout":"","ast-site-content-layout":"default","site-content-style":"default","site-sidebar-style":"default","ast-global-header-display":"","ast-banner-title-visibility":"","ast-main-header-display":"","ast-hfb-above-header-display":"","ast-hfb-below-header-display":"","ast-hfb-mobile-header-display":"","site-post-title":"","ast-breadcrumbs-content":"","ast-featured-img":"","footer-sml-layout":"","theme-transparent-header-meta":"default","adv-header-id-meta":"","stick-header-meta":"","header-above-stick-meta":"","header-main-stick-meta":"","header-below-stick-meta":"","astra-migrate-meta-layouts":"set","_joinchat":[]},"product_cat":[49,37],"product_tag":[],"jetpack_sharing_enabled":true,"uagb_featured_image_src":{"full":["https:\/\/i0.wp.com\/zippersinsumos.com\/wp-content\/uploads\/2023\/09\/cremallera-n5-cobre.png?fit=4001%2C3001&ssl=1",4001,3001,false],"thumbnail":["https:\/\/i0.wp.com\/zippersinsumos.com\/wp-content\/uploads\/2023\/09\/cremallera-n5-cobre.png?resize=150%2C150&ssl=1",150,150,true],"medium":["https:\/\/i0.wp.com\/zippersinsumos.com\/wp-content\/uploads\/2023\/09\/cremallera-n5-cobre.png?fit=300%2C225&ssl=1",300,225,true],"medium_large":["https:\/\/i0.wp.com\/zippersinsumos.com\/wp-content\/uploads\/2023\/09\/cremallera-n5-cobre.png?fit=768%2C576&ssl=1",768,576,true],"large":["https:\/\/i0.wp.com\/zippersinsumos.com\/wp-content\/uploads\/2023\/09\/cremallera-n5-cobre.png?fit=1024%2C768&ssl=1",1024,768,true],"1536x1536":["https:\/\/i0.wp.com\/zippersinsumos.com\/wp-content\/uploads\/2023\/09\/cremallera-n5-cobre.png?fit=1536%2C1152&ssl=1",1536,1152,true],"2048x2048":["https:\/\/i0.wp.com\/zippersinsumos.com\/wp-content\/uploads\/2023\/09\/cremallera-n5-cobre.png?fit=2048%2C1536&ssl=1",2048,1536,true],"woocommerce_thumbnail":["https:\/\/i0.wp.com\/zippersinsumos.com\/wp-content\/uploads\/2023\/09\/cremallera-n5-cobre.png?resize=300%2C300&ssl=1",300,300,true],"woocommerce_single":["https:\/\/i0.wp.com\/zippersinsumos.com\/wp-content\/uploads\/2023\/09\/cremallera-n5-cobre.png?fit=600%2C450&ssl=1",600,450,true],"woocommerce_gallery_thumbnail":["https:\/\/i0.wp.com\/zippersinsumos.com\/wp-content\/uploads\/2023\/09\/cremallera-n5-cobre.png?resize=100%2C100&ssl=1",100,100,true]},"uagb_author_info":{"display_name":"mundigraphics.com","author_link":"https:\/\/zippersinsumos.com\/index.php\/author\/"},"uagb_comment_info":0,"uagb_excerpt":"&nbsp; Una cremallera n\u00famero 5 de cobre es un tipo de cierre de cremallera que utiliza dientes de cobre como parte de su dise\u00f1o. Los dientes de cobre no son tan comunes como los dientes de pl\u00e1stico o metal m\u00e1s tradicionales, pero pueden dar un aspecto distintivo y atractivo a la prenda o accesorio en&hellip;","_links":{"self":[{"href":"https:\/\/zippersinsumos.com\/index.php\/wp-json\/wp\/v2\/product\/255"}],"collection":[{"href":"https:\/\/zippersinsumos.com\/index.php\/wp-json\/wp\/v2\/product"}],"about":[{"href":"https:\/\/zippersinsumos.com\/index.php\/wp-json\/wp\/v2\/types\/product"}],"replies":[{"embeddable":true,"href":"https:\/\/zippersinsumos.com\/index.php\/wp-json\/wp\/v2\/comments?post=255"}],"wp:featuredmedia":[{"embeddable":true,"href":"https:\/\/zippersinsumos.com\/index.php\/wp-json\/wp\/v2\/media\/260"}],"wp:attachment":[{"href":"https:\/\/zippersinsumos.com\/index.php\/wp-json\/wp\/v2\/media?parent=255"}],"wp:term":[{"taxonomy":"product_cat","embeddable":true,"href":"https:\/\/zippersinsumos.com\/index.php\/wp-json\/wp\/v2\/product_cat?post=255"},{"taxonomy":"product_tag","embeddable":true,"href":"https:\/\/zippersinsumos.com\/index.php\/wp-json\/wp\/v2\/product_tag?post=255"}],"curies":[{"name":"wp","href":"https:\/\/api.w.org\/{rel}","templated":true}]}}