{"id":276,"date":"2023-09-12T02:50:28","date_gmt":"2023-09-12T02:50:28","guid":{"rendered":"https:\/\/zippersinsumos.com\/?post_type=product&#038;p=276"},"modified":"2023-09-12T02:50:29","modified_gmt":"2023-09-12T02:50:29","slug":"cremallera-7-continua","status":"publish","type":"product","link":"https:\/\/zippersinsumos.com\/index.php\/product\/cremallera-7-continua\/","title":{"rendered":"Cremallera #7 Continua"},"content":{"rendered":"<p><img decoding=\"async\" loading=\"lazy\" class=\"wp-image-68 aligncenter\" src=\"https:\/\/i0.wp.com\/zippersinsumos.com\/wp-content\/uploads\/2023\/09\/60FslqR.png?resize=189%2C184&#038;ssl=1\" alt=\"\" width=\"189\" height=\"184\" srcset=\"https:\/\/i0.wp.com\/zippersinsumos.com\/wp-content\/uploads\/2023\/09\/60FslqR.png?resize=300%2C292&amp;ssl=1 300w, https:\/\/i0.wp.com\/zippersinsumos.com\/wp-content\/uploads\/2023\/09\/60FslqR.png?w=308&amp;ssl=1 308w\" sizes=\"(max-width: 189px) 100vw, 189px\" data-recalc-dims=\"1\" \/><\/p>\n<p>&nbsp;<\/p>\n<p>Una cremallera n\u00famero 7 continua es un tipo de cierre de cremallera que no tiene un punto de separaci\u00f3n a lo largo de su longitud. Esto significa que los dientes de la cremallera est\u00e1n conectados de manera continua desde el principio hasta el final de la cremallera, y no se pueden separar como en una cremallera separable. En otras palabras, una cremallera continua no se divide en dos partes separadas y, por lo tanto, no se puede abrir completamente desde la parte superior o la parte inferior.<\/p>\n<p>Este tipo de cremallera se utiliza com\u00fanmente en aplicaciones donde no es necesario abrir completamente la prenda o el accesorio, pero a\u00fan se necesita un cierre seguro. Por ejemplo, se encuentra en fundas de almohadas, cojines, carteras, bolsos de mano, tiendas de campa\u00f1a, tiendas de campa\u00f1a, sacos de dormir y otros productos donde la apertura completa no es necesaria o deseable. Tambi\u00e9n es com\u00fan en productos de decoraci\u00f3n, tapicer\u00eda y accesorios donde se busca un aspecto limpio y continuo.<\/p>\n<p>&nbsp;<\/p>\n<p>&nbsp;<\/p>\n","protected":false},"excerpt":{"rendered":"<p>&nbsp; Una cremallera n\u00famero 7 continua es un tipo de cierre de cremallera que no tiene un punto de separaci\u00f3n a lo largo de su longitud. Esto significa que los dientes de la cremallera est\u00e1n conectados de manera continua desde el principio hasta el final de la cremallera, y no se pueden separar como en &hellip;<\/p>\n<p class=\"read-more\"> <a class=\"\" href=\"https:\/\/zippersinsumos.com\/index.php\/product\/cremallera-7-continua\/\"> <span class=\"screen-reader-text\">Cremallera #7 Continua<\/span> Leer m\u00e1s &raquo;<\/a><\/p>\n","protected":false},"featured_media":278,"comment_status":"open","ping_status":"closed","template":"","meta":{"_uag_custom_page_level_css":"","site-sidebar-layout":"default","site-content-layout":"","ast-site-content-layout":"default","site-content-style":"default","site-sidebar-style":"default","ast-global-header-display":"","ast-banner-title-visibility":"","ast-main-header-display":"","ast-hfb-above-header-display":"","ast-hfb-below-header-display":"","ast-hfb-mobile-header-display":"","site-post-title":"","ast-breadcrumbs-content":"","ast-featured-img":"","footer-sml-layout":"","theme-transparent-header-meta":"default","adv-header-id-meta":"","stick-header-meta":"","header-above-stick-meta":"","header-main-stick-meta":"","header-below-stick-meta":"","astra-migrate-meta-layouts":"set","_joinchat":[]},"product_cat":[50,37],"product_tag":[],"jetpack_sharing_enabled":true,"uagb_featured_image_src":{"full":["https:\/\/i0.wp.com\/zippersinsumos.com\/wp-content\/uploads\/2023\/09\/cremallera-n7-continua.png?fit=4001%2C3001&ssl=1",4001,3001,false],"thumbnail":["https:\/\/i0.wp.com\/zippersinsumos.com\/wp-content\/uploads\/2023\/09\/cremallera-n7-continua.png?resize=150%2C150&ssl=1",150,150,true],"medium":["https:\/\/i0.wp.com\/zippersinsumos.com\/wp-content\/uploads\/2023\/09\/cremallera-n7-continua.png?fit=300%2C225&ssl=1",300,225,true],"medium_large":["https:\/\/i0.wp.com\/zippersinsumos.com\/wp-content\/uploads\/2023\/09\/cremallera-n7-continua.png?fit=768%2C576&ssl=1",768,576,true],"large":["https:\/\/i0.wp.com\/zippersinsumos.com\/wp-content\/uploads\/2023\/09\/cremallera-n7-continua.png?fit=1024%2C768&ssl=1",1024,768,true],"1536x1536":["https:\/\/i0.wp.com\/zippersinsumos.com\/wp-content\/uploads\/2023\/09\/cremallera-n7-continua.png?fit=1536%2C1152&ssl=1",1536,1152,true],"2048x2048":["https:\/\/i0.wp.com\/zippersinsumos.com\/wp-content\/uploads\/2023\/09\/cremallera-n7-continua.png?fit=2048%2C1536&ssl=1",2048,1536,true],"woocommerce_thumbnail":["https:\/\/i0.wp.com\/zippersinsumos.com\/wp-content\/uploads\/2023\/09\/cremallera-n7-continua.png?resize=300%2C300&ssl=1",300,300,true],"woocommerce_single":["https:\/\/i0.wp.com\/zippersinsumos.com\/wp-content\/uploads\/2023\/09\/cremallera-n7-continua.png?fit=600%2C450&ssl=1",600,450,true],"woocommerce_gallery_thumbnail":["https:\/\/i0.wp.com\/zippersinsumos.com\/wp-content\/uploads\/2023\/09\/cremallera-n7-continua.png?resize=100%2C100&ssl=1",100,100,true]},"uagb_author_info":{"display_name":"mundigraphics.com","author_link":"https:\/\/zippersinsumos.com\/index.php\/author\/"},"uagb_comment_info":0,"uagb_excerpt":"&nbsp; Una cremallera n\u00famero 7 continua es un tipo de cierre de cremallera que no tiene un punto de separaci\u00f3n a lo largo de su longitud. Esto significa que los dientes de la cremallera est\u00e1n conectados de manera continua desde el principio hasta el final de la cremallera, y no se pueden separar como en&hellip;","_links":{"self":[{"href":"https:\/\/zippersinsumos.com\/index.php\/wp-json\/wp\/v2\/product\/276"}],"collection":[{"href":"https:\/\/zippersinsumos.com\/index.php\/wp-json\/wp\/v2\/product"}],"about":[{"href":"https:\/\/zippersinsumos.com\/index.php\/wp-json\/wp\/v2\/types\/product"}],"replies":[{"embeddable":true,"href":"https:\/\/zippersinsumos.com\/index.php\/wp-json\/wp\/v2\/comments?post=276"}],"wp:featuredmedia":[{"embeddable":true,"href":"https:\/\/zippersinsumos.com\/index.php\/wp-json\/wp\/v2\/media\/278"}],"wp:attachment":[{"href":"https:\/\/zippersinsumos.com\/index.php\/wp-json\/wp\/v2\/media?parent=276"}],"wp:term":[{"taxonomy":"product_cat","embeddable":true,"href":"https:\/\/zippersinsumos.com\/index.php\/wp-json\/wp\/v2\/product_cat?post=276"},{"taxonomy":"product_tag","embeddable":true,"href":"https:\/\/zippersinsumos.com\/index.php\/wp-json\/wp\/v2\/product_tag?post=276"}],"curies":[{"name":"wp","href":"https:\/\/api.w.org\/{rel}","templated":true}]}}