{"id":280,"date":"2023-09-12T02:54:54","date_gmt":"2023-09-12T02:54:54","guid":{"rendered":"https:\/\/zippersinsumos.com\/?post_type=product&#038;p=280"},"modified":"2023-09-12T02:54:54","modified_gmt":"2023-09-12T02:54:54","slug":"cremallera-8","status":"publish","type":"product","link":"https:\/\/zippersinsumos.com\/index.php\/product\/cremallera-8\/","title":{"rendered":"Cremallera #8"},"content":{"rendered":"<p><img decoding=\"async\" loading=\"lazy\" class=\"wp-image-68 aligncenter\" src=\"https:\/\/i0.wp.com\/zippersinsumos.com\/wp-content\/uploads\/2023\/09\/60FslqR.png?resize=194%2C189&#038;ssl=1\" alt=\"\" width=\"194\" height=\"189\" srcset=\"https:\/\/i0.wp.com\/zippersinsumos.com\/wp-content\/uploads\/2023\/09\/60FslqR.png?resize=300%2C292&amp;ssl=1 300w, https:\/\/i0.wp.com\/zippersinsumos.com\/wp-content\/uploads\/2023\/09\/60FslqR.png?w=308&amp;ssl=1 308w\" sizes=\"(max-width: 194px) 100vw, 194px\" data-recalc-dims=\"1\" \/><\/p>\n<p>&nbsp;<\/p>\n<p>Una cremallera n\u00famero 8 es un tipo de cierre de cremallera que se caracteriza por tener dientes de un tama\u00f1o m\u00e1s grande en comparaci\u00f3n con las cremalleras est\u00e1ndar, como las n\u00famero 5 o n\u00famero 3. Los dientes de una cremallera n\u00famero 8 son m\u00e1s robustos y resistentes, lo que las hace adecuadas para aplicaciones donde se requiere mayor fuerza y durabilidad.<\/p>\n<p>Algunos usos comunes de cremalleras n\u00famero 8 incluyen:<\/p>\n<p>1. <strong>Ropa de abrigo:<\/strong> Se utilizan en abrigos y chaquetas resistentes al fr\u00edo, donde se necesita una cremallera fuerte que pueda soportar las tensiones del uso en climas adversos.<\/p>\n<p><strong>2. Bolsas y mochilas: <\/strong>Las cremalleras n\u00famero 8 son populares en mochilas y bolsas de gran tama\u00f1o, ya que pueden soportar el peso y la tensi\u00f3n de llevar objetos pesados.<\/p>\n<p>3. <strong>Equipamiento deportivo:<\/strong> Se utilizan en equipos deportivos como bolsas de deporte, fundas de esqu\u00ed y snowboard, y otros productos relacionados con deportes al aire libre.<\/p>\n<p><strong>4. Ropa de trabajo:<\/strong> En prendas de trabajo como overoles, petos o uniformes resistentes, se utilizan cremalleras n\u00famero 8 debido a su durabilidad.<\/p>\n<p><strong>5. Equipaje:<\/strong> Algunas maletas y bolsas de viaje utilizan cremalleras n\u00famero 8 para ofrecer resistencia adicional y durabilidad.<\/p>\n<p><strong>6. Productos industriales y militares:<\/strong> En aplicaciones industriales o militares, donde se requiere un rendimiento excepcional y resistencia a la abrasi\u00f3n, las cremalleras n\u00famero 8 son una elecci\u00f3n com\u00fan.<\/p>\n<p>En resumen, las cremalleras n\u00famero 8 son m\u00e1s grandes y resistentes que las cremalleras est\u00e1ndar, lo que las hace adecuadas para aplicaciones donde se necesita una mayor fuerza y durabilidad. Su elecci\u00f3n depender\u00e1 de las necesidades espec\u00edficas de resistencia y rendimiento del producto en el que se utilicen.<\/p>\n","protected":false},"excerpt":{"rendered":"<p>&nbsp; Una cremallera n\u00famero 8 es un tipo de cierre de cremallera que se caracteriza por tener dientes de un tama\u00f1o m\u00e1s grande en comparaci\u00f3n con las cremalleras est\u00e1ndar, como las n\u00famero 5 o n\u00famero 3. Los dientes de una cremallera n\u00famero 8 son m\u00e1s robustos y resistentes, lo que las hace adecuadas para aplicaciones &hellip;<\/p>\n<p class=\"read-more\"> <a class=\"\" href=\"https:\/\/zippersinsumos.com\/index.php\/product\/cremallera-8\/\"> <span class=\"screen-reader-text\">Cremallera #8<\/span> Leer m\u00e1s &raquo;<\/a><\/p>\n","protected":false},"featured_media":281,"comment_status":"open","ping_status":"closed","template":"","meta":{"_uag_custom_page_level_css":"","site-sidebar-layout":"default","site-content-layout":"","ast-site-content-layout":"default","site-content-style":"default","site-sidebar-style":"default","ast-global-header-display":"","ast-banner-title-visibility":"","ast-main-header-display":"","ast-hfb-above-header-display":"","ast-hfb-below-header-display":"","ast-hfb-mobile-header-display":"","site-post-title":"","ast-breadcrumbs-content":"","ast-featured-img":"","footer-sml-layout":"","theme-transparent-header-meta":"default","adv-header-id-meta":"","stick-header-meta":"","header-above-stick-meta":"","header-main-stick-meta":"","header-below-stick-meta":"","astra-migrate-meta-layouts":"set","_joinchat":[]},"product_cat":[51,37],"product_tag":[],"jetpack_sharing_enabled":true,"uagb_featured_image_src":{"full":["https:\/\/i0.wp.com\/zippersinsumos.com\/wp-content\/uploads\/2023\/09\/main-1.jpg?fit=1280%2C874&ssl=1",1280,874,false],"thumbnail":["https:\/\/i0.wp.com\/zippersinsumos.com\/wp-content\/uploads\/2023\/09\/main-1.jpg?resize=150%2C150&ssl=1",150,150,true],"medium":["https:\/\/i0.wp.com\/zippersinsumos.com\/wp-content\/uploads\/2023\/09\/main-1.jpg?fit=300%2C205&ssl=1",300,205,true],"medium_large":["https:\/\/i0.wp.com\/zippersinsumos.com\/wp-content\/uploads\/2023\/09\/main-1.jpg?fit=768%2C524&ssl=1",768,524,true],"large":["https:\/\/i0.wp.com\/zippersinsumos.com\/wp-content\/uploads\/2023\/09\/main-1.jpg?fit=1024%2C699&ssl=1",1024,699,true],"1536x1536":["https:\/\/i0.wp.com\/zippersinsumos.com\/wp-content\/uploads\/2023\/09\/main-1.jpg?fit=1280%2C874&ssl=1",1280,874,true],"2048x2048":["https:\/\/i0.wp.com\/zippersinsumos.com\/wp-content\/uploads\/2023\/09\/main-1.jpg?fit=1280%2C874&ssl=1",1280,874,true],"woocommerce_thumbnail":["https:\/\/i0.wp.com\/zippersinsumos.com\/wp-content\/uploads\/2023\/09\/main-1.jpg?resize=300%2C300&ssl=1",300,300,true],"woocommerce_single":["https:\/\/i0.wp.com\/zippersinsumos.com\/wp-content\/uploads\/2023\/09\/main-1.jpg?fit=600%2C410&ssl=1",600,410,true],"woocommerce_gallery_thumbnail":["https:\/\/i0.wp.com\/zippersinsumos.com\/wp-content\/uploads\/2023\/09\/main-1.jpg?resize=100%2C100&ssl=1",100,100,true]},"uagb_author_info":{"display_name":"mundigraphics.com","author_link":"https:\/\/zippersinsumos.com\/index.php\/author\/"},"uagb_comment_info":0,"uagb_excerpt":"&nbsp; Una cremallera n\u00famero 8 es un tipo de cierre de cremallera que se caracteriza por tener dientes de un tama\u00f1o m\u00e1s grande en comparaci\u00f3n con las cremalleras est\u00e1ndar, como las n\u00famero 5 o n\u00famero 3. Los dientes de una cremallera n\u00famero 8 son m\u00e1s robustos y resistentes, lo que las hace adecuadas para aplicaciones&hellip;","_links":{"self":[{"href":"https:\/\/zippersinsumos.com\/index.php\/wp-json\/wp\/v2\/product\/280"}],"collection":[{"href":"https:\/\/zippersinsumos.com\/index.php\/wp-json\/wp\/v2\/product"}],"about":[{"href":"https:\/\/zippersinsumos.com\/index.php\/wp-json\/wp\/v2\/types\/product"}],"replies":[{"embeddable":true,"href":"https:\/\/zippersinsumos.com\/index.php\/wp-json\/wp\/v2\/comments?post=280"}],"wp:featuredmedia":[{"embeddable":true,"href":"https:\/\/zippersinsumos.com\/index.php\/wp-json\/wp\/v2\/media\/281"}],"wp:attachment":[{"href":"https:\/\/zippersinsumos.com\/index.php\/wp-json\/wp\/v2\/media?parent=280"}],"wp:term":[{"taxonomy":"product_cat","embeddable":true,"href":"https:\/\/zippersinsumos.com\/index.php\/wp-json\/wp\/v2\/product_cat?post=280"},{"taxonomy":"product_tag","embeddable":true,"href":"https:\/\/zippersinsumos.com\/index.php\/wp-json\/wp\/v2\/product_tag?post=280"}],"curies":[{"name":"wp","href":"https:\/\/api.w.org\/{rel}","templated":true}]}}